{"id":63,"date":"2025-11-12T13:36:34","date_gmt":"2025-11-12T13:36:34","guid":{"rendered":"https:\/\/www.orchestreaccordeonsbriarois.fr\/?page_id=63"},"modified":"2026-01-30T13:16:42","modified_gmt":"2026-01-30T13:16:42","slug":"presentation","status":"publish","type":"page","link":"https:\/\/www.orchestreaccordeonsbriarois.fr\/?page_id=63","title":{"rendered":"Presentation_Conditions"},"content":{"rendered":"\t\t<div data-elementor-type=\"wp-page\" data-elementor-id=\"63\" class=\"elementor elementor-63\">\n\t\t\t\t<div class=\"elementor-element elementor-element-5100b70 e-grid e-con-boxed e-con e-parent\" data-id=\"5100b70\" data-element_type=\"container\">\n\t\t\t\t\t<div class=\"e-con-inner\">\n\t\t\t\t<div class=\"elementor-element elementor-element-ad9d15a elementor-widget elementor-widget-heading\" data-id=\"ad9d15a\" data-element_type=\"widget\" data-widget_type=\"heading.default\">\n\t\t\t\t\t<h3 class=\"elementor-heading-title elementor-size-default\">Pr\u00e9sentation de l'orchestre<\/h3>\t\t\t\t<\/div>\n\t\t\t\t<div class=\"elementor-element elementor-element-073e0bb elementor-widget__width-inherit elementor-widget elementor-widget-heading\" data-id=\"073e0bb\" data-element_type=\"widget\" data-widget_type=\"heading.default\">\n\t\t\t\t\t<h3 class=\"elementor-heading-title elementor-size-default\">Conditions <\/h3>\t\t\t\t<\/div>\n\t\t\t\t\t<\/div>\n\t\t\t\t<\/div>\n\t\t<div class=\"elementor-element elementor-element-c5e012a e-grid e-con-boxed e-con e-parent\" data-id=\"c5e012a\" data-element_type=\"container\">\n\t\t\t\t\t<div class=\"e-con-inner\">\n\t\t\t\t<div class=\"elementor-element elementor-element-3ce5952 elementor-widget elementor-widget-text-editor\" data-id=\"3ce5952\" data-element_type=\"widget\" data-widget_type=\"text-editor.default\">\n\t\t\t\t\t\t\t\t\t<ul><li>L&rsquo;Orchestre d&rsquo;Accord\u00e9ons est compos\u00e9 actuellement de 9 musiciens soit :<br \/>&#8211; 5 accord\u00e9ons, <br \/>&#8211; 1 clavier, <br \/>&#8211; 1 cuivre <br \/>&#8211; et 1 batterie.<p>\u00a0L&rsquo;Orchestre d&rsquo;Accord\u00e9ons\u00a0peut se produire :<br \/>&#8211; en concert \u00e0 l&rsquo;int\u00e9rieur comme \u00e0 l&rsquo;ext\u00e9rieur ou <br \/>&#8211; pour toutes autres animations :<br \/>\u00a0 \u00a0 \u00a0 \u00a0 * f\u00eate locale, <br \/>\u00a0 \u00a0 \u00a0 \u00a0 * festival de musique, <br \/>\u00a0 \u00a0 \u00a0 \u00a0 * f\u00eate de No\u00ebl, <br \/>\u00a0 \u00a0 \u00a0 \u00a0 * \u00e9v\u00e8nement priv\u00e9 <br \/>\u00a0 \u00a0 \u00a0 \u00a0 * ou en partenariat avec un Orchestre d&rsquo;Harmonie.<\/p><\/li><\/ul>\t\t\t\t\t\t\t\t<\/div>\n\t\t\t\t<div class=\"elementor-element elementor-element-acae8d2 elementor-widget elementor-widget-text-editor\" data-id=\"acae8d2\" data-element_type=\"widget\" data-widget_type=\"text-editor.default\">\n\t\t\t\t\t\t\t\t\t<ul><li>Co\u00fbt d&rsquo;une prestation :\u00a0<strong>160 \u20ac<\/strong>\u00a0plus les frais de d\u00e9placement \u00e9ventuels suivant la distance<\/li><li>Des affiches sont \u00e0 votre disposition pour l&rsquo;annonce du concert<\/li><li><strong>Pensez \u00e0 r\u00e9server une date d\u00e8s maintenant<\/strong><\/li><li>Un contrat qui d\u00e9finira les engagements de l&rsquo;organisation et de l&rsquo;orchestre sera \u00e9tabli<\/li><li>Pour plus de renseignements ou\/et pour l&rsquo;organisation d&rsquo;une prestation (date, programme, publicit\u00e9, &#8230;) contactez la chef d&rsquo;Orchestre (Sylviane THUAULT au 02.38.31.28.34<\/li><li>Au plaisir de vous rencontrer et de partager un moment musical avec vous\u00a0<\/li><\/ul>\t\t\t\t\t\t\t\t<\/div>\n\t\t\t\t\t<\/div>\n\t\t\t\t<\/div>\n\t\t\t\t<\/div>\n\t\t","protected":false},"excerpt":{"rendered":"<p>Pr\u00e9sentation de l&rsquo;orchestre Conditions L&rsquo;Orchestre d&rsquo;Accord\u00e9ons est compos\u00e9 actuellement de 9 musiciens soit :&#8211; 5 accord\u00e9ons, &#8211; 1 clavier, &#8211; [&hellip;]<\/p>\n","protected":false},"author":1,"featured_media":0,"parent":0,"menu_order":0,"comment_status":"closed","ping_status":"closed","template":"","meta":{"site-sidebar-layout":"no-sidebar","site-content-layout":"","ast-site-content-layout":"full-width-container","site-content-style":"default","site-sidebar-style":"default","ast-global-header-display":"","ast-banner-title-visibility":"","ast-main-header-display":"","ast-hfb-above-header-display":"","ast-hfb-below-header-display":"","ast-hfb-mobile-header-display":"","site-post-title":"","ast-breadcrumbs-content":"","ast-featured-img":"disabled","footer-sml-layout":"","theme-transparent-header-meta":"","adv-header-id-meta":"","stick-header-meta":"","header-above-stick-meta":"","header-main-stick-meta":"","header-below-stick-meta":"","astra-migrate-meta-layouts":"default","ast-page-background-enabled":"default","ast-page-background-meta":{"desktop":{"background-color":"var(--ast-global-color-5)","background-image":"","background-repeat":"repeat","background-position":"center center","background-size":"auto","background-attachment":"scroll","background-type":"","background-media":"","overlay-type":"","overlay-color":"","overlay-opacity":"","overlay-gradient":""},"tablet":{"background-color":"","background-image":"","background-repeat":"repeat","background-position":"center center","background-size":"auto","background-attachment":"scroll","background-type":"","background-media":"","overlay-type":"","overlay-color":"","overlay-opacity":"","overlay-gradient":""},"mobile":{"background-color":"","background-image":"","background-repeat":"repeat","background-position":"center center","background-size":"auto","background-attachment":"scroll","background-type":"","background-media":"","overlay-type":"","overlay-color":"","overlay-opacity":"","overlay-gradient":""}},"ast-content-background-meta":{"desktop":{"background-color":"var(--ast-global-color-4)","background-image":"","background-repeat":"repeat","background-position":"center center","background-size":"auto","background-attachment":"scroll","background-type":"","background-media":"","overlay-type":"","overlay-color":"","overlay-opacity":"","overlay-gradient":""},"tablet":{"background-color":"var(--ast-global-color-4)","background-image":"","background-repeat":"repeat","background-position":"center center","background-size":"auto","background-attachment":"scroll","background-type":"","background-media":"","overlay-type":"","overlay-color":"","overlay-opacity":"","overlay-gradient":""},"mobile":{"background-color":"var(--ast-global-color-4)","background-image":"","background-repeat":"repeat","background-position":"center center","background-size":"auto","background-attachment":"scroll","background-type":"","background-media":"","overlay-type":"","overlay-color":"","overlay-opacity":"","overlay-gradient":""}},"footnotes":""},"class_list":["post-63","page","type-page","status-publish","hentry"],"_links":{"self":[{"href":"https:\/\/www.orchestreaccordeonsbriarois.fr\/index.php?rest_route=\/wp\/v2\/pages\/63","targetHints":{"allow":["GET"]}}],"collection":[{"href":"https:\/\/www.orchestreaccordeonsbriarois.fr\/index.php?rest_route=\/wp\/v2\/pages"}],"about":[{"href":"https:\/\/www.orchestreaccordeonsbriarois.fr\/index.php?rest_route=\/wp\/v2\/types\/page"}],"author":[{"embeddable":true,"href":"https:\/\/www.orchestreaccordeonsbriarois.fr\/index.php?rest_route=\/wp\/v2\/users\/1"}],"replies":[{"embeddable":true,"href":"https:\/\/www.orchestreaccordeonsbriarois.fr\/index.php?rest_route=%2Fwp%2Fv2%2Fcomments&post=63"}],"version-history":[{"count":35,"href":"https:\/\/www.orchestreaccordeonsbriarois.fr\/index.php?rest_route=\/wp\/v2\/pages\/63\/revisions"}],"predecessor-version":[{"id":472,"href":"https:\/\/www.orchestreaccordeonsbriarois.fr\/index.php?rest_route=\/wp\/v2\/pages\/63\/revisions\/472"}],"wp:attachment":[{"href":"https:\/\/www.orchestreaccordeonsbriarois.fr\/index.php?rest_route=%2Fwp%2Fv2%2Fmedia&parent=63"}],"curies":[{"name":"wp","href":"https:\/\/api.w.org\/{rel}","templated":true}]}}