{"id":51,"date":"2025-11-12T13:23:43","date_gmt":"2025-11-12T13:23:43","guid":{"rendered":"https:\/\/www.orchestreaccordeonsbriarois.fr\/?page_id=51"},"modified":"2026-01-30T13:29:43","modified_gmt":"2026-01-30T13:29:43","slug":"contact","status":"publish","type":"page","link":"https:\/\/www.orchestreaccordeonsbriarois.fr\/?page_id=51","title":{"rendered":"Contact"},"content":{"rendered":"\t\t<div data-elementor-type=\"wp-page\" data-elementor-id=\"51\" class=\"elementor elementor-51\">\n\t\t\t\t<div class=\"elementor-element elementor-element-4c65156 e-flex e-con-boxed e-con e-parent\" data-id=\"4c65156\" data-element_type=\"container\">\n\t\t\t\t\t<div class=\"e-con-inner\">\n\t\t\t\t<div class=\"elementor-element elementor-element-bf06635 elementor-widget__width-initial elementor-widget elementor-widget-google_maps\" data-id=\"bf06635\" data-element_type=\"widget\" data-widget_type=\"google_maps.default\">\n\t\t\t\t\t\t\t<div class=\"elementor-custom-embed\">\n\t\t\t<iframe loading=\"lazy\"\n\t\t\t\t\tsrc=\"https:\/\/maps.google.com\/maps?q=3%20Impasse%20du%20Clos%20des%20Pr%C3%A9s%20-%2045250%20BRIARE&#038;t=m&#038;z=12&#038;output=embed&#038;iwloc=near\"\n\t\t\t\t\ttitle=\"3 Impasse du Clos des Pr\u00e9s - 45250 BRIARE\"\n\t\t\t\t\taria-label=\"3 Impasse du Clos des Pr\u00e9s - 45250 BRIARE\"\n\t\t\t><\/iframe>\n\t\t<\/div>\n\t\t\t\t\t\t<\/div>\n\t\t<div class=\"elementor-element elementor-element-4b61f25 e-con-full e-flex e-con e-child\" data-id=\"4b61f25\" data-element_type=\"container\">\n\t\t\t\t<div class=\"elementor-element elementor-element-6f12844 elementor-widget elementor-widget-text-editor\" data-id=\"6f12844\" data-element_type=\"widget\" data-widget_type=\"text-editor.default\">\n\t\t\t\t\t\t\t\t\t<p><strong>Jean-Pierre BLONDEAU<\/strong><\/p>\t\t\t\t\t\t\t\t<\/div>\n\t\t\t\t<div class=\"elementor-element elementor-element-1170e77 elementor-widget elementor-widget-text-editor\" data-id=\"1170e77\" data-element_type=\"widget\" data-widget_type=\"text-editor.default\">\n\t\t\t\t\t\t\t\t\t<div class=\"mt-4\">\n<div class=\"label\"><strong>Adresse de la compagnie ou de l&rsquo;artiste :<\/strong><\/div>\n<div>\n<p>3 impasse du Clos des Pr\u00e9s 45250 BRIARE<\/p>\n<\/div>\n<p><span class=\"telephone\"><strong>T\u00e9l\u00e9phone :<\/strong>&nbsp;02 38 31 28 34<br><\/span><strong>Email :<\/strong>&nbsp;jean-pierre.blondeau@orange.fr<\/p>\n<p><strong>Chef d&rsquo;orchestre :<\/strong> Sylviane THUAULT<\/p>\n<\/div>\n<div class=\"mt-4\">\n<div class=\"label\">&nbsp;<\/div>\n<div>&nbsp;<\/div>\n<\/div>\t\t\t\t\t\t\t\t<\/div>\n\t\t\t\t<\/div>\n\t\t\t\t\t<\/div>\n\t\t\t\t<\/div>\n\t\t\t\t<\/div>\n\t\t","protected":false},"excerpt":{"rendered":"<p>Jean-Pierre BLONDEAU Adresse de la compagnie ou de l&rsquo;artiste : 3 impasse du Clos des Pr\u00e9s 45250 BRIARE T\u00e9l\u00e9phone :&nbsp;02 [&hellip;]<\/p>\n","protected":false},"author":1,"featured_media":0,"parent":0,"menu_order":0,"comment_status":"closed","ping_status":"closed","template":"","meta":{"site-sidebar-layout":"no-sidebar","site-content-layout":"","ast-site-content-layout":"full-width-container","site-content-style":"default","site-sidebar-style":"default","ast-global-header-display":"","ast-banner-title-visibility":"","ast-main-header-display":"","ast-hfb-above-header-display":"","ast-hfb-below-header-display":"","ast-hfb-mobile-header-display":"","site-post-title":"","ast-breadcrumbs-content":"","ast-featured-img":"disabled","footer-sml-layout":"","theme-transparent-header-meta":"","adv-header-id-meta":"","stick-header-meta":"","header-above-stick-meta":"","header-main-stick-meta":"","header-below-stick-meta":"","astra-migrate-meta-layouts":"default","ast-page-background-enabled":"default","ast-page-background-meta":{"desktop":{"background-color":"var(--ast-global-color-5)","background-image":"","background-repeat":"repeat","background-position":"center center","background-size":"auto","background-attachment":"scroll","background-type":"","background-media":"","overlay-type":"","overlay-color":"","overlay-opacity":"","overlay-gradient":""},"tablet":{"background-color":"","background-image":"","background-repeat":"repeat","background-position":"center center","background-size":"auto","background-attachment":"scroll","background-type":"","background-media":"","overlay-type":"","overlay-color":"","overlay-opacity":"","overlay-gradient":""},"mobile":{"background-color":"","background-image":"","background-repeat":"repeat","background-position":"center center","background-size":"auto","background-attachment":"scroll","background-type":"","background-media":"","overlay-type":"","overlay-color":"","overlay-opacity":"","overlay-gradient":""}},"ast-content-background-meta":{"desktop":{"background-color":"var(--ast-global-color-4)","background-image":"","background-repeat":"repeat","background-position":"center center","background-size":"auto","background-attachment":"scroll","background-type":"","background-media":"","overlay-type":"","overlay-color":"","overlay-opacity":"","overlay-gradient":""},"tablet":{"background-color":"var(--ast-global-color-4)","background-image":"","background-repeat":"repeat","background-position":"center center","background-size":"auto","background-attachment":"scroll","background-type":"","background-media":"","overlay-type":"","overlay-color":"","overlay-opacity":"","overlay-gradient":""},"mobile":{"background-color":"var(--ast-global-color-4)","background-image":"","background-repeat":"repeat","background-position":"center center","background-size":"auto","background-attachment":"scroll","background-type":"","background-media":"","overlay-type":"","overlay-color":"","overlay-opacity":"","overlay-gradient":""}},"footnotes":""},"class_list":["post-51","page","type-page","status-publish","hentry"],"_links":{"self":[{"href":"https:\/\/www.orchestreaccordeonsbriarois.fr\/index.php?rest_route=\/wp\/v2\/pages\/51","targetHints":{"allow":["GET"]}}],"collection":[{"href":"https:\/\/www.orchestreaccordeonsbriarois.fr\/index.php?rest_route=\/wp\/v2\/pages"}],"about":[{"href":"https:\/\/www.orchestreaccordeonsbriarois.fr\/index.php?rest_route=\/wp\/v2\/types\/page"}],"author":[{"embeddable":true,"href":"https:\/\/www.orchestreaccordeonsbriarois.fr\/index.php?rest_route=\/wp\/v2\/users\/1"}],"replies":[{"embeddable":true,"href":"https:\/\/www.orchestreaccordeonsbriarois.fr\/index.php?rest_route=%2Fwp%2Fv2%2Fcomments&post=51"}],"version-history":[{"count":17,"href":"https:\/\/www.orchestreaccordeonsbriarois.fr\/index.php?rest_route=\/wp\/v2\/pages\/51\/revisions"}],"predecessor-version":[{"id":485,"href":"https:\/\/www.orchestreaccordeonsbriarois.fr\/index.php?rest_route=\/wp\/v2\/pages\/51\/revisions\/485"}],"wp:attachment":[{"href":"https:\/\/www.orchestreaccordeonsbriarois.fr\/index.php?rest_route=%2Fwp%2Fv2%2Fmedia&parent=51"}],"curies":[{"name":"wp","href":"https:\/\/api.w.org\/{rel}","templated":true}]}}